{"id":1031,"date":"2009-07-02T23:00:28","date_gmt":"2009-07-03T02:00:28","guid":{"rendered":"http:\/\/agendaganadera.com\/blog\/?page_id=2"},"modified":"2009-07-02T23:00:28","modified_gmt":"2009-07-03T02:00:28","slug":"informacion","status":"publish","type":"page","link":"http:\/\/agendaganadera.com\/blog\/informacion\/","title":{"rendered":"Informaci\u00f3n"},"content":{"rendered":"<p>AGENDA GANADERA<\/p>\n<p>Un encuentro diario con los protagonistas del sector pecuario. Aborda temas relacionados con gen\u00e9tica, sanidad, nutrici\u00f3n, manejo. Informa sobre congresos, seminarios y jornadas. Difunde logros y nuevos emprendimientos educativos, cient\u00edficos, t\u00e9cnicos y productivos vinculados con la agroindustria. Realiza coberturas especiales de los principales torneos, exposiciones y subastas ganaderas. Informa sobre la evoluci\u00f3n de los mercados. Divulga im\u00e1genes y testimonios obtenidos en las zonas de producci\u00f3n y centros de comercializaci\u00f3n, del pa\u00eds y el exterior. <\/p>\n<p>Se emite de lunes a viernes, a las 19,45 (hora de Buenos Aires), por Canal Rural Satelital.<\/p>\n","protected":false},"excerpt":{"rendered":"<p>AGENDA GANADERA Un encuentro diario con los protagonistas del sector pecuario. Aborda temas relacionados con gen\u00e9tica, sanidad, nutrici\u00f3n, manejo. Informa sobre congresos, seminarios y jornadas. Difunde logros y nuevos emprendimientos educativos, cient\u00edficos, t\u00e9cnicos y productivos vinculados con la agroindustria. Realiza &hellip; <a href=\"http:\/\/agendaganadera.com\/blog\/informacion\/\">Continue reading <span class=\"meta-nav\">&rarr;<\/span><\/a><\/p>\n","protected":false},"author":1,"featured_media":0,"parent":0,"menu_order":0,"comment_status":"open","ping_status":"open","template":"","meta":{"footnotes":""},"class_list":["post-1031","page","type-page","status-publish","hentry"],"_links":{"self":[{"href":"http:\/\/agendaganadera.com\/blog\/wp-json\/wp\/v2\/pages\/1031","targetHints":{"allow":["GET"]}}],"collection":[{"href":"http:\/\/agendaganadera.com\/blog\/wp-json\/wp\/v2\/pages"}],"about":[{"href":"http:\/\/agendaganadera.com\/blog\/wp-json\/wp\/v2\/types\/page"}],"author":[{"embeddable":true,"href":"http:\/\/agendaganadera.com\/blog\/wp-json\/wp\/v2\/users\/1"}],"replies":[{"embeddable":true,"href":"http:\/\/agendaganadera.com\/blog\/wp-json\/wp\/v2\/comments?post=1031"}],"version-history":[{"count":0,"href":"http:\/\/agendaganadera.com\/blog\/wp-json\/wp\/v2\/pages\/1031\/revisions"}],"wp:attachment":[{"href":"http:\/\/agendaganadera.com\/blog\/wp-json\/wp\/v2\/media?parent=1031"}],"curies":[{"name":"wp","href":"https:\/\/api.w.org\/{rel}","templated":true}]}}